{"id":54,"date":"2017-07-31T09:16:01","date_gmt":"2017-07-31T09:16:01","guid":{"rendered":"http:\/\/www.technikum-academy.cz\/?page_id=54"},"modified":"2022-03-27T20:22:02","modified_gmt":"2022-03-27T20:22:02","slug":"partneri-2","status":"publish","type":"page","link":"https:\/\/www.technikum-academy.cz\/index.php\/partneri-2\/","title":{"rendered":"Letn\u00ed t\u00e1bor"},"content":{"rendered":"<p><strong>Letn\u00ed p\u0159\u00edm\u011bstsk\u00e9 kempy pro d\u011bti 2022<\/strong><\/p>\n<p>Mil\u00e9 d\u011bti,<br \/>\nAkademie Techniky pro V\u00e1s po\u0159\u00e1d\u00e1 t\u00fddenn\u00ed t\u00e1borov\u00e9 hry. Je-li V\u00e1m mezi 7-14 lety, tak se nev\u00e1hejte p\u0159ihl\u00e1sit.<br \/>\nPro d\u011bti budou p\u0159ipraven\u00e9 z\u00e1bavn\u00e9 a nap\u00ednav\u00e9 sout\u011b\u017ee, p\u0159i kter\u00fdch bude o \u00fasp\u011bchu rozhodovat nejenom strategie, obratnost a rozum, ale tak\u00e9 t\u00fdmov\u00e1 pr\u00e1ce a po\u0159\u00e1dn\u00e1 porce \u0161t\u011bst\u00ed. M\u016f\u017eete si vybrat ze \u010dty\u0159 zaj\u00edmav\u00fdch\u00a0t\u00e9mat v n\u00e1sleduj\u00edc\u00edch term\u00ednech:<\/p>\n<p>&nbsp;<\/p>\n<p>1.turnus &#8211; 1.8.-5.8.2022 t\u00e9ma: <strong>VESM\u00cdR<\/strong><\/p>\n<p><img loading=\"lazy\" decoding=\"async\" class=\"alignnone wp-image-2215\" src=\"http:\/\/www.technikum-academy.cz\/wp-content\/uploads\/2022\/02\/earth-g1702de469_1920-300x150.jpg\" alt=\"\" width=\"626\" height=\"313\" srcset=\"https:\/\/www.technikum-academy.cz\/wp-content\/uploads\/2022\/02\/earth-g1702de469_1920-300x150.jpg 300w, https:\/\/www.technikum-academy.cz\/wp-content\/uploads\/2022\/02\/earth-g1702de469_1920-768x384.jpg 768w, https:\/\/www.technikum-academy.cz\/wp-content\/uploads\/2022\/02\/earth-g1702de469_1920-1024x512.jpg 1024w, https:\/\/www.technikum-academy.cz\/wp-content\/uploads\/2022\/02\/earth-g1702de469_1920.jpg 1920w\" sizes=\"(max-width: 626px) 100vw, 626px\" \/><\/p>\n<p><strong>Sou\u010d\u00e1st\u00ed t\u00e1bora je vesm\u00edrn\u00e1 kreativn\u00ed tvorba a virtu\u00e1ln\u00ed n\u00e1v\u0161t\u011bva Planet\u00e1ria a Hv\u011bzd\u00e1rny. <\/strong>Na cest\u011b v\u00e1m budou st\u00e1t \u00fakoly r\u016fzn\u00e9 <strong>vesm\u00edrn\u00e9 obt\u00ed\u017enosti, p\u0159ek\u00e1\u017eky a n\u00e1strahy<\/strong>.<\/p>\n<p>&nbsp;<\/p>\n<p>2.turnus &#8211; 8.8.-12.8.2022 t\u00e9ma: <strong>POH\u00c1DKOV\u00dd KEMP<\/strong><\/p>\n<p><img loading=\"lazy\" decoding=\"async\" class=\"alignnone wp-image-2216\" src=\"http:\/\/www.technikum-academy.cz\/wp-content\/uploads\/2022\/02\/poh\u00e1dkov\u00fd-kemp-300x211.jpg\" alt=\"\" width=\"545\" height=\"383\" srcset=\"https:\/\/www.technikum-academy.cz\/wp-content\/uploads\/2022\/02\/poh\u00e1dkov\u00fd-kemp-300x211.jpg 300w, https:\/\/www.technikum-academy.cz\/wp-content\/uploads\/2022\/02\/poh\u00e1dkov\u00fd-kemp-768x539.jpg 768w, https:\/\/www.technikum-academy.cz\/wp-content\/uploads\/2022\/02\/poh\u00e1dkov\u00fd-kemp-1024x719.jpg 1024w, https:\/\/www.technikum-academy.cz\/wp-content\/uploads\/2022\/02\/poh\u00e1dkov\u00fd-kemp.jpg 1300w\" sizes=\"(max-width: 545px) 100vw, 545px\" \/><\/p>\n<p><strong>Sou\u010d\u00e1st\u00ed t\u00e1bora je kreativn\u00ed tvorba kost\u00fdm\u016f, \u0161at\u016f a dopl\u0148k\u016f pro princezny, kr\u00e1le a ryt\u00ed\u0159e. V\u00fdroba zbroje, stavba a dob\u00fdv\u00e1n\u00ed hrad\u016f, virtu\u00e1ln\u00ed n\u00e1v\u0161t\u011bva st\u0159edov\u011bk\u00e9ho hradu.\u00a0<\/strong>Na cest\u011b v\u00e1m budou st\u00e1t \u00fakoly r\u016fzn\u00e9 <strong>st\u0159edov\u011bk\u00e9 obt\u00ed\u017enosti, p\u0159ek\u00e1\u017eky a n\u00e1strahy<\/strong>.<\/p>\n<p>&nbsp;<\/p>\n<p>3.turnus &#8211; 15.8.-19.8.2022 t\u00e9ma: <strong>KUTILOV\u00c9<\/strong><\/p>\n<p><img loading=\"lazy\" decoding=\"async\" class=\"alignnone wp-image-2217\" src=\"http:\/\/www.technikum-academy.cz\/wp-content\/uploads\/2022\/02\/kutilov\u00e9-300x214.jpg\" alt=\"\" width=\"536\" height=\"383\" srcset=\"https:\/\/www.technikum-academy.cz\/wp-content\/uploads\/2022\/02\/kutilov\u00e9-300x214.jpg 300w, https:\/\/www.technikum-academy.cz\/wp-content\/uploads\/2022\/02\/kutilov\u00e9-768x547.jpg 768w, https:\/\/www.technikum-academy.cz\/wp-content\/uploads\/2022\/02\/kutilov\u00e9-1024x729.jpg 1024w, https:\/\/www.technikum-academy.cz\/wp-content\/uploads\/2022\/02\/kutilov\u00e9.jpg 1600w\" sizes=\"(max-width: 536px) 100vw, 536px\" \/><\/p>\n<p><strong>Sou\u010d\u00e1st\u00ed t\u00e1bora budou venkovn\u00ed d\u00edlni\u010dky. \u010cek\u00e1 je pr\u00e1ce se d\u0159evem, kartonem, polystyrenem. Malov\u00e1n\u00ed a kreslen\u00ed na kameny, pl\u00e1tna i pap\u00edr. Vyr\u00e1b\u011bn\u00ed z\u00a0p\u0159\u00edrodn\u00edch materi\u00e1l\u016f za vyu\u017eit\u00ed tradi\u010dn\u00edch technik. Stav\u011bn\u00ed z\u00a0cihli\u010dek Teifoc.<\/strong><\/p>\n<p>&nbsp;<\/p>\n<p>4.turnus &#8211; 22.8. &#8211; 26.8.2022 t\u00e9ma:\u00a0<strong>Mal\u00ed <\/strong><strong>EINSTEINOV\u00c9<\/strong><strong> aneb pokusy a vyn\u00e1lezy<\/strong><\/p>\n<p><img loading=\"lazy\" decoding=\"async\" class=\" wp-image-2218\" src=\"http:\/\/www.technikum-academy.cz\/wp-content\/uploads\/2022\/02\/mal\u00ed-einsteinov\u00e9-300x152.jpg\" alt=\"\" width=\"541\" height=\"274\" srcset=\"https:\/\/www.technikum-academy.cz\/wp-content\/uploads\/2022\/02\/mal\u00ed-einsteinov\u00e9-300x152.jpg 300w, https:\/\/www.technikum-academy.cz\/wp-content\/uploads\/2022\/02\/mal\u00ed-einsteinov\u00e9.jpg 630w\" sizes=\"(max-width: 541px) 100vw, 541px\" \/><\/p>\n<p><strong>Sou\u010d\u00e1st\u00ed t\u00e1bora budou venkovn\u00ed laborato\u0159e, ve kter\u00fdch chyst\u00e1me v\u011bdomostn\u00ed sout\u011b\u017ee a experimenty, optick\u00e9 iluze a z\u00e1zraky p\u0159\u00edrody.\u00a0<\/strong><\/p>\n<p>__________________________________________________________________________________________________<\/p>\n<p>Kapacita ka\u017ed\u00e9ho turnusu je 20 d\u011bt\u00ed.<br \/>\nDenn\u011b od <strong>8.30\u00a0\u2013 16.00 hodin<\/strong>.<br \/>\nCena : <strong>2 900,-K\u010d<\/strong>, v\u010detn\u011b ob\u011bda a n\u00e1poj\u016f. \u010c\u00e1stku, pros\u00edm, uhra\u010fte do 25.7.2021. V p\u0159\u00edpad\u011b zru\u0161en\u00ed \u00fa\u010dasti na t\u00e1bo\u0159e si \u00fa\u010dtujeme storno poplatek 500 K\u010d. D\u011bkujeme za pochopen\u00ed.<\/p>\n<p>\u010c\u00edslo \u00fa\u010dtu pro platbu: <strong>4823562379\/0800<\/strong> (do popisu pro p\u0159\u00edjemce uve\u010fte \u010d\u00edslo turnusu a jm\u00e9no d\u00edt\u011bte)<\/p>\n<p style=\"font-weight: 400;\">N\u00e1stup na t\u00e1bor a p\u0159ihl\u00e1\u0161en\u00ed \u00fa\u010dastn\u00edk\u016f je v <strong>8.30 hod.<\/strong><\/p>\n<p style=\"font-weight: 400;\">P\u0159i n\u00e1stupu na t\u00e1bor je nutn\u00e9 odevzdat (V p\u0159\u00edpad\u011b zm\u011bny opat\u0159en\u00ed v\u010das zve\u0159ejn\u00edme.)<\/p>\n<ol style=\"font-weight: 400;\">\n<li>Covidov\u00fd test (PCR nebo antigen ne star\u0161\u00ed ne\u017e 72 hodin)<\/li>\n<li>Pr\u016fkaz zdravotn\u00ed poji\u0161\u0165ovny (sta\u010d\u00ed i kopie)<\/li>\n<\/ol>\n<p>D\u011bti by m\u011bly m\u00edt na sob\u011b pohodln\u00e9 sportovn\u00ed oble\u010den\u00ed (p\u0159\u00edpadn\u011b n\u00e1hradn\u00ed oble\u010den\u00ed, kter\u00e9 je mo\u017en\u00e9 si p\u0159evl\u00e9knout na m\u00edst\u011b), pokr\u00fdvku hlavy, bat\u016f\u017eek a lahev na pit\u00ed.<\/p>\n<p>Pros\u00edme\u00a0rodi\u010de, aby d\u011bti pro p\u0159\u00edpadn\u00e9 nep\u0159edv\u00eddateln\u00e9 situace vybavili svoje d\u011bti na t\u00e1bor respir\u00e1tory, nebo alespo\u0148 rou\u0161kami. Je to pouze na\u0161e preventivn\u00ed opat\u0159en\u00ed, kter\u00e9 jak douf\u00e1m nevyu\u017eijeme.<\/p>\n<p>O organizaci t\u00e1borov\u00fdch her se budou starat lekto\u0159i Akademie Techniky stejn\u011b tak jako budou zaji\u0161\u0165ovat bezpe\u010dnost.<\/p>\n<p>Moc se na v\u00e1s t\u011b\u0161\u00edme !!!!!<\/p>\n<p>JAK TO NA T\u00c1BORECH VYPADALO MINUL\u00dd ROK, SE M\u016e\u017dETE POD\u00cdVAT<a href=\"https:\/\/www.technikum-academy.cz\/index.php\/ostatni-sluzby\/\"> ZDE<\/a>.<\/p>\n<p>&nbsp;<\/p>\n<p>&#8212;&#8212;&#8212;&#8212;&#8212;&#8212;&#8212;&#8212;&#8212;&#8212;&#8212;&#8212;&#8212;&#8212;&#8212;&#8212;&#8212;&#8212;&#8212;&#8212;&#8212;&#8212;&#8212;&#8212;&#8212;&#8212;&#8212;&#8212;&#8212;&#8212;&#8212;&#8212;&#8212;&#8212;&#8212;&#8212;&#8212;&#8212;&#8212;&#8212;&#8212;&#8212;&#8212;&#8212;&#8212;&#8212;&#8211;<\/p>\n<p><img loading=\"lazy\" decoding=\"async\" class=\"alignnone size-full wp-image-1172\" src=\"http:\/\/www.technikum-academy.cz\/wp-content\/uploads\/2017\/07\/logo-nove-corinth-2.png\" alt=\"\" width=\"932\" height=\"310\" srcset=\"https:\/\/www.technikum-academy.cz\/wp-content\/uploads\/2017\/07\/logo-nove-corinth-2.png 932w, https:\/\/www.technikum-academy.cz\/wp-content\/uploads\/2017\/07\/logo-nove-corinth-2-300x100.png 300w, https:\/\/www.technikum-academy.cz\/wp-content\/uploads\/2017\/07\/logo-nove-corinth-2-768x255.png 768w\" sizes=\"(max-width: 767px) 89vw, (max-width: 1000px) 54vw, (max-width: 1071px) 543px, 580px\" \/><\/p>\n<p><img loading=\"lazy\" decoding=\"async\" class=\"alignnone wp-image-975\" src=\"http:\/\/www.technikum-academy.cz\/wp-content\/uploads\/2017\/07\/prusaresearch-logo_black1.png\" alt=\"\" width=\"592\" height=\"368\" srcset=\"https:\/\/www.technikum-academy.cz\/wp-content\/uploads\/2017\/07\/prusaresearch-logo_black1.png 1247w, https:\/\/www.technikum-academy.cz\/wp-content\/uploads\/2017\/07\/prusaresearch-logo_black1-300x186.png 300w, https:\/\/www.technikum-academy.cz\/wp-content\/uploads\/2017\/07\/prusaresearch-logo_black1-768x477.png 768w, https:\/\/www.technikum-academy.cz\/wp-content\/uploads\/2017\/07\/prusaresearch-logo_black1-1024x636.png 1024w\" sizes=\"(max-width: 592px) 100vw, 592px\" \/> <img loading=\"lazy\" decoding=\"async\" class=\"alignnone wp-image-986\" src=\"http:\/\/www.technikum-academy.cz\/wp-content\/uploads\/2019\/10\/Moravia.png\" alt=\"\" width=\"318\" height=\"327\" \/><\/p>\n<table style=\"height: 1273px;\" width=\"831\">\n<tbody>\n<tr>\n<td>\n<p style=\"text-align: center;\"><a href=\"http:\/\/www.elvira.cz\/\"><span style=\"color: #333333;\"><img loading=\"lazy\" decoding=\"async\" class=\"wp-image-134 aligncenter\" src=\"http:\/\/www.technikum-academy.cz\/wp-content\/uploads\/2017\/07\/elvira.png\" alt=\"\" width=\"110\" height=\"110\" \/><\/span><\/a><\/p>\n<\/td>\n<td><a href=\"http:\/\/www.vzdelavacisluzby.cz\/\"><span style=\"color: #333333;\"><img decoding=\"async\" class=\"wp-image-144 aligncenter\" src=\"http:\/\/www.technikum-academy.cz\/wp-content\/uploads\/2017\/07\/fusek-300x98.png\" alt=\"\" width=\"auto\" height=\"148\" srcset=\"https:\/\/www.technikum-academy.cz\/wp-content\/uploads\/2017\/07\/fusek-300x98.png 300w, https:\/\/www.technikum-academy.cz\/wp-content\/uploads\/2017\/07\/fusek.png 443w\" sizes=\"(max-width: 300px) 100vw, 300px\" \/><\/span><\/a><\/td>\n<\/tr>\n<tr>\n<td><a href=\"http:\/\/www.turany-bez-hranic.cz\"><span style=\"color: #333333;\"><img loading=\"lazy\" decoding=\"async\" class=\"wp-image-143 aligncenter\" src=\"http:\/\/www.technikum-academy.cz\/wp-content\/uploads\/2017\/07\/turanybh-300x175.png\" alt=\"\" width=\"199\" height=\"116\" srcset=\"https:\/\/www.technikum-academy.cz\/wp-content\/uploads\/2017\/07\/turanybh-300x175.png 300w, https:\/\/www.technikum-academy.cz\/wp-content\/uploads\/2017\/07\/turanybh.png 480w\" sizes=\"(max-width: 199px) 100vw, 199px\" \/><\/span><\/a><\/td>\n<td><a href=\"http:\/\/www.ped.muni.cz\/wtech\/www\/uvodni-stranka\"><span style=\"color: #333333;\"><img loading=\"lazy\" decoding=\"async\" class=\"wp-image-142 aligncenter\" src=\"http:\/\/www.technikum-academy.cz\/wp-content\/uploads\/2017\/07\/masar.png\" alt=\"\" width=\"94\" height=\"90\" \/><\/span><\/a><\/td>\n<\/tr>\n<tr>\n<td><a href=\"https:\/\/www.mmr.cz\/cs\/Uvodni-strana\"><span style=\"color: #333333;\"><img decoding=\"async\" class=\"size-medium wp-image-141 aligncenter\" src=\"http:\/\/www.technikum-academy.cz\/wp-content\/uploads\/2017\/07\/mpmr-300x65.png\" alt=\"\" width=\"auto\" height=\"148\" srcset=\"https:\/\/www.technikum-academy.cz\/wp-content\/uploads\/2017\/07\/mpmr-300x65.png 300w, https:\/\/www.technikum-academy.cz\/wp-content\/uploads\/2017\/07\/mpmr.png 709w\" sizes=\"(max-width: 300px) 100vw, 300px\" \/><\/span><\/a><\/td>\n<td><a href=\"http:\/\/www.abc3d.cz\"><span style=\"color: #333333;\"><img loading=\"lazy\" decoding=\"async\" class=\"wp-image-139 aligncenter\" src=\"http:\/\/www.technikum-academy.cz\/wp-content\/uploads\/2017\/07\/abc.png\" alt=\"\" width=\"344\" height=\"70\" \/><\/span><\/a><\/td>\n<\/tr>\n<tr>\n<td>\n<h6><a style=\"font-size: 16px; font-weight: 400;\" href=\"http:\/\/tjtatranrakovnik-sz.webnode.cz\/\"><span style=\"color: #333333;\"><img loading=\"lazy\" decoding=\"async\" class=\"wp-image-140 aligncenter\" src=\"http:\/\/www.technikum-academy.cz\/wp-content\/uploads\/2017\/07\/tatran-258x300.png\" alt=\"\" width=\"100\" height=\"116\" srcset=\"https:\/\/www.technikum-academy.cz\/wp-content\/uploads\/2017\/07\/tatran-258x300.png 258w, https:\/\/www.technikum-academy.cz\/wp-content\/uploads\/2017\/07\/tatran.png 540w\" sizes=\"(max-width: 100px) 100vw, 100px\" \/><\/span><\/a><\/h6>\n<\/td>\n<td><a href=\"http:\/\/www.hriste.cz\"><span style=\"color: #333333;\"><img loading=\"lazy\" decoding=\"async\" class=\"wp-image-138 aligncenter\" src=\"http:\/\/www.technikum-academy.cz\/wp-content\/uploads\/2017\/07\/hriste.png\" alt=\"\" width=\"135\" height=\"135\" srcset=\"https:\/\/www.technikum-academy.cz\/wp-content\/uploads\/2017\/07\/hriste.png 200w, https:\/\/www.technikum-academy.cz\/wp-content\/uploads\/2017\/07\/hriste-150x150.png 150w\" sizes=\"(max-width: 135px) 100vw, 135px\" \/><\/span><\/a><\/td>\n<\/tr>\n<tr>\n<td style=\"text-align: center;\">\n<h6><img loading=\"lazy\" decoding=\"async\" class=\"wp-image-137 alignleft\" src=\"http:\/\/www.technikum-academy.cz\/wp-content\/uploads\/2017\/07\/skoly.png\" alt=\"\" width=\"111\" height=\"77\" \/><\/h6>\n<p style=\"text-align: center;\">\u0160koly, p\u0159ed\u0161koln\u00ed a \u0161kolsk\u00e1 za\u0159\u00edzen\u00ed regionu Praha a St\u0159edn\u00ed \u010cechy<\/p>\n<\/td>\n<td><img loading=\"lazy\" decoding=\"async\" class=\"wp-image-136 alignleft\" src=\"http:\/\/www.technikum-academy.cz\/wp-content\/uploads\/2017\/07\/skol-300x205.png\" alt=\"\" width=\"112\" height=\"77\" srcset=\"https:\/\/www.technikum-academy.cz\/wp-content\/uploads\/2017\/07\/skol-300x205.png 300w, https:\/\/www.technikum-academy.cz\/wp-content\/uploads\/2017\/07\/skol-768x525.png 768w, https:\/\/www.technikum-academy.cz\/wp-content\/uploads\/2017\/07\/skol.png 1023w\" sizes=\"(max-width: 112px) 100vw, 112px\" \/><\/p>\n<p style=\"text-align: center;\">Partne\u0159i a akademick\u00e9 osoby ze spolupracuj\u00edc\u00edch vysok\u00fdch \u0161kol<\/p>\n<\/td>\n<\/tr>\n<tr>\n<td><img loading=\"lazy\" decoding=\"async\" class=\"alignnone size-medium wp-image-178\" src=\"http:\/\/www.technikum-academy.cz\/wp-content\/uploads\/2017\/07\/gh-300x78.png\" alt=\"\" width=\"300\" height=\"78\" srcset=\"https:\/\/www.technikum-academy.cz\/wp-content\/uploads\/2017\/07\/gh-300x78.png 300w, https:\/\/www.technikum-academy.cz\/wp-content\/uploads\/2017\/07\/gh.png 573w\" sizes=\"(max-width: 300px) 100vw, 300px\" \/><\/td>\n<td><\/td>\n<\/tr>\n<\/tbody>\n<\/table>\n","protected":false},"excerpt":{"rendered":"<p>Letn\u00ed p\u0159\u00edm\u011bstsk\u00e9 kempy pro d\u011bti 2022 Mil\u00e9 d\u011bti, Akademie Techniky pro V\u00e1s po\u0159\u00e1d\u00e1 t\u00fddenn\u00ed t\u00e1borov\u00e9 hry. Je-li V\u00e1m mezi 7-14 lety, tak se nev\u00e1hejte p\u0159ihl\u00e1sit. Pro d\u011bti budou p\u0159ipraven\u00e9 z\u00e1bavn\u00e9 a nap\u00ednav\u00e9 sout\u011b\u017ee, p\u0159i kter\u00fdch bude o \u00fasp\u011bchu rozhodovat nejenom strategie, obratnost a rozum, ale tak\u00e9 t\u00fdmov\u00e1 pr\u00e1ce a po\u0159\u00e1dn\u00e1 porce \u0161t\u011bst\u00ed. M\u016f\u017eete si vybrat &hellip; <\/p>\n<p class=\"link-more\"><a href=\"https:\/\/www.technikum-academy.cz\/index.php\/partneri-2\/\" class=\"more-link\">Pokra\u010dovat ve \u010dten\u00ed<span class=\"screen-reader-text\"> &#8222;Letn\u00ed t\u00e1bor&#8220;<\/span><\/a><\/p>\n","protected":false},"author":1,"featured_media":0,"parent":0,"menu_order":0,"comment_status":"closed","ping_status":"closed","template":"","meta":{"footnotes":""},"_links":{"self":[{"href":"https:\/\/www.technikum-academy.cz\/index.php\/wp-json\/wp\/v2\/pages\/54"}],"collection":[{"href":"https:\/\/www.technikum-academy.cz\/index.php\/wp-json\/wp\/v2\/pages"}],"about":[{"href":"https:\/\/www.technikum-academy.cz\/index.php\/wp-json\/wp\/v2\/types\/page"}],"author":[{"embeddable":true,"href":"https:\/\/www.technikum-academy.cz\/index.php\/wp-json\/wp\/v2\/users\/1"}],"replies":[{"embeddable":true,"href":"https:\/\/www.technikum-academy.cz\/index.php\/wp-json\/wp\/v2\/comments?post=54"}],"version-history":[{"count":50,"href":"https:\/\/www.technikum-academy.cz\/index.php\/wp-json\/wp\/v2\/pages\/54\/revisions"}],"predecessor-version":[{"id":2210,"href":"https:\/\/www.technikum-academy.cz\/index.php\/wp-json\/wp\/v2\/pages\/54\/revisions\/2210"}],"wp:attachment":[{"href":"https:\/\/www.technikum-academy.cz\/index.php\/wp-json\/wp\/v2\/media?parent=54"}],"curies":[{"name":"wp","href":"https:\/\/api.w.org\/{rel}","templated":true}]}}