{"id":414,"date":"2017-09-26T12:20:44","date_gmt":"2017-09-26T12:20:44","guid":{"rendered":"http:\/\/www.technikum-academy.cz\/?page_id=414"},"modified":"2026-01-06T14:13:26","modified_gmt":"2026-01-06T14:13:26","slug":"vybaveni","status":"publish","type":"page","link":"https:\/\/www.technikum-academy.cz\/index.php\/vybaveni\/","title":{"rendered":"O n\u00e1s \u2013 Centrum Akademie techniky 4.0"},"content":{"rendered":"\n<p>Centrum <strong>Akademie techniky 4.0<\/strong> a s\u00ed\u0165 na\u0161ich <strong>Akademi\u00ed<\/strong> pom\u00e1h\u00e1 d\u011btem a \u017e\u00e1k\u016fm objevovat sv\u011bt techniky, \u0159emesel a technologi\u00ed 4.0 hravou, z\u00e1\u017eitkovou formou. Propojujeme <strong>\u0159emeslo, digit\u00e1ln\u00ed technologie, robotiku a 3D tisk<\/strong> tak, aby si d\u011bti s\u00e1hly na skute\u010dn\u00e9 v\u011bci, n\u011bco postavily, naprogramovaly \u2013 a za\u017eily \u00fasp\u011bch.<\/p>\n\n\n\n<p>Spolupracujeme se \u0161kolami, DDM a partnery v regionech <strong>ORP Rakovn\u00edk a ORP Kralovice<\/strong>. P\u0159ipravujeme <strong>krou\u017eky, projektov\u00e9 dny, letn\u00ed kempy i speci\u00e1ln\u00ed workshopy<\/strong>, kter\u00e9 rozv\u00edjej\u00ed technick\u00e9 dovednosti, kreativitu, spolupr\u00e1ci v t\u00fdmu a pom\u00e1haj\u00ed d\u011btem p\u0159em\u00fd\u0161let o budouc\u00edm povol\u00e1n\u00ed.<\/p>\n\n\n\n<figure class=\"wp-block-image size-large\"><img loading=\"lazy\" decoding=\"async\" width=\"1024\" height=\"768\" src=\"https:\/\/www.technikum-academy.cz\/wp-content\/uploads\/2026\/01\/IMG_20230920_100152-1024x768.jpg\" alt=\"\" class=\"wp-image-3127\" srcset=\"https:\/\/www.technikum-academy.cz\/wp-content\/uploads\/2026\/01\/IMG_20230920_100152-1024x768.jpg 1024w, https:\/\/www.technikum-academy.cz\/wp-content\/uploads\/2026\/01\/IMG_20230920_100152-300x225.jpg 300w, https:\/\/www.technikum-academy.cz\/wp-content\/uploads\/2026\/01\/IMG_20230920_100152-768x576.jpg 768w, https:\/\/www.technikum-academy.cz\/wp-content\/uploads\/2026\/01\/IMG_20230920_100152-1536x1152.jpg 1536w, https:\/\/www.technikum-academy.cz\/wp-content\/uploads\/2026\/01\/IMG_20230920_100152-2048x1536.jpg 2048w\" sizes=\"(max-width: 767px) 89vw, (max-width: 1000px) 54vw, (max-width: 1071px) 543px, 580px\" \/><\/figure>\n\n\n\n<p>Na\u0161\u00edm c\u00edlem je <strong>vracet d\u011bti k hodnot\u00e1m poctiv\u00e9ho \u0159emesla<\/strong> a z\u00e1rove\u0148 je <strong>vybavovat dovednostmi pro dobu 4.0<\/strong> \u2013 aby pro n\u011b technika nebyla stra\u0161\u00e1k, ale p\u0159\u00edle\u017eitost k budouc\u00edmu povol\u00e1n\u00ed.<\/p>\n\n\n\n<p>Od roku <strong>2017<\/strong> na\u0161e neziskov\u00e1 organizace <strong>Technikum Academy, z. s.<\/strong> podpo\u0159ila technick\u00e9 vzd\u011bl\u00e1v\u00e1n\u00ed ji\u017e u <strong>4 785 d\u011bt\u00ed, \u017e\u00e1k\u016f a student\u016f<\/strong> a <strong>825 pedagog\u016f<\/strong> z r\u016fzn\u00fdch \u010d\u00e1st\u00ed \u010cesk\u00e9 republiky i ze zahrani\u010d\u00ed. Z\u00e1rove\u0148 jsme vybudovali a zalo\u017eili <strong>5 aktivn\u00edch technick\u00fdch vzd\u011bl\u00e1vac\u00edch center<\/strong> se zam\u011b\u0159en\u00edm na vzd\u011bl\u00e1v\u00e1n\u00ed 4.0 na \u00fazem\u00ed <strong>St\u0159edo\u010desk\u00e9ho kraje a Plze\u0148ska<\/strong>.<\/p>\n\n\n<p>3D TISK<\/p>\n<table>\n<tbody>\n<tr>\n<td><img loading=\"lazy\" decoding=\"async\" class=\"alignnone wp-image-417\" src=\"http:\/\/www.technikum-academy.cz\/wp-content\/uploads\/2017\/09\/img_9874-_transp_-e1506428847559-300x284.jpg\" alt=\"\" width=\"184\" height=\"174\" srcset=\"https:\/\/www.technikum-academy.cz\/wp-content\/uploads\/2017\/09\/img_9874-_transp_-e1506428847559-300x284.jpg 300w, https:\/\/www.technikum-academy.cz\/wp-content\/uploads\/2017\/09\/img_9874-_transp_-e1506428847559.jpg 564w\" sizes=\"(max-width: 184px) 100vw, 184px\" \/><\/td>\n<td><img loading=\"lazy\" decoding=\"async\" class=\"alignnone wp-image-419\" src=\"http:\/\/www.technikum-academy.cz\/wp-content\/uploads\/2017\/09\/cubepro_render_open_1000-300x300.jpg\" alt=\"\" width=\"174\" height=\"174\" srcset=\"https:\/\/www.technikum-academy.cz\/wp-content\/uploads\/2017\/09\/cubepro_render_open_1000-300x300.jpg 300w, https:\/\/www.technikum-academy.cz\/wp-content\/uploads\/2017\/09\/cubepro_render_open_1000-150x150.jpg 150w, https:\/\/www.technikum-academy.cz\/wp-content\/uploads\/2017\/09\/cubepro_render_open_1000-768x768.jpg 768w, https:\/\/www.technikum-academy.cz\/wp-content\/uploads\/2017\/09\/cubepro_render_open_1000-160x160.jpg 160w, https:\/\/www.technikum-academy.cz\/wp-content\/uploads\/2017\/09\/cubepro_render_open_1000-320x320.jpg 320w, https:\/\/www.technikum-academy.cz\/wp-content\/uploads\/2017\/09\/cubepro_render_open_1000.jpg 1000w\" sizes=\"(max-width: 174px) 100vw, 174px\" \/><\/td>\n<td><img loading=\"lazy\" decoding=\"async\" class=\"alignnone wp-image-418\" src=\"http:\/\/www.technikum-academy.cz\/wp-content\/uploads\/2017\/09\/81nQJEN-z9L._SX355_-300x282.jpg\" alt=\"\" width=\"186\" height=\"174\" srcset=\"https:\/\/www.technikum-academy.cz\/wp-content\/uploads\/2017\/09\/81nQJEN-z9L._SX355_-300x282.jpg 300w, https:\/\/www.technikum-academy.cz\/wp-content\/uploads\/2017\/09\/81nQJEN-z9L._SX355_.jpg 355w\" sizes=\"(max-width: 186px) 100vw, 186px\" \/><\/td>\n<\/tr>\n<tr>\n<td style=\"text-align: center;\">BCN3D &#8211; SIGMA<\/td>\n<td style=\"text-align: center;\">3D SYSTEMS &#8211; CUBEPRO<\/td>\n<td style=\"text-align: center;\">FLASHFORGE &#8211; FINDER<\/td>\n<\/tr>\n<tr>\n<td style=\"text-align: center;\"><a href=\"https:\/\/www.abc3d.cz\/eshop\/3d-tiskarny\/3d-tiskarna-bcn3d-sigma-detail\" target=\"_blank\" rel=\"noopener noreferrer\">-&gt;specifikace<\/a><\/td>\n<td style=\"text-align: center;\"><a href=\"https:\/\/www.abc3d.cz\/eshop\/3d-tiskarny\/3d-tiskarny-prislusenstvi-1\/cubeprotrio-detail?gclid=EAIaIQobChMI_ZSy2e_C1gIVl4eyCh1FSAqdEAQYASABEgJJm_D_BwE\" target=\"_blank\" rel=\"noopener noreferrer\">-&gt;specifikace<\/a><\/td>\n<td style=\"text-align: center;\"><a href=\"https:\/\/www.abc3d.cz\/3d-tiskarny-osobni\/flashforge-finder\" target=\"_blank\" rel=\"noopener noreferrer\">-&gt;specifikace<\/a><\/td>\n<\/tr>\n<\/tbody>\n<\/table>\n<table>\n<tbody>\n<tr>\n<td><img loading=\"lazy\" decoding=\"async\" class=\"alignnone wp-image-429\" src=\"http:\/\/www.technikum-academy.cz\/wp-content\/uploads\/2017\/09\/350470-7-300x200.jpg\" alt=\"\" width=\"184\" height=\"123\" srcset=\"https:\/\/www.technikum-academy.cz\/wp-content\/uploads\/2017\/09\/350470-7-300x200.jpg 300w, https:\/\/www.technikum-academy.cz\/wp-content\/uploads\/2017\/09\/350470-7.jpg 600w\" sizes=\"(max-width: 184px) 100vw, 184px\" \/><\/td>\n<td><img loading=\"lazy\" decoding=\"async\" class=\"alignnone wp-image-428\" src=\"http:\/\/www.technikum-academy.cz\/wp-content\/uploads\/2017\/09\/touch_features_feel_the_power_b-300x190.jpg\" alt=\"\" width=\"172\" height=\"109\" srcset=\"https:\/\/www.technikum-academy.cz\/wp-content\/uploads\/2017\/09\/touch_features_feel_the_power_b-300x190.jpg 300w, https:\/\/www.technikum-academy.cz\/wp-content\/uploads\/2017\/09\/touch_features_feel_the_power_b.jpg 731w\" sizes=\"(max-width: 172px) 100vw, 172px\" \/><\/td>\n<td><img loading=\"lazy\" decoding=\"async\" class=\"alignnone wp-image-427\" src=\"http:\/\/www.technikum-academy.cz\/wp-content\/uploads\/2017\/09\/obrazek-300x140.jpg\" alt=\"\" width=\"189\" height=\"88\" srcset=\"https:\/\/www.technikum-academy.cz\/wp-content\/uploads\/2017\/09\/obrazek-300x140.jpg 300w, https:\/\/www.technikum-academy.cz\/wp-content\/uploads\/2017\/09\/obrazek-520x245.jpg 520w, https:\/\/www.technikum-academy.cz\/wp-content\/uploads\/2017\/09\/obrazek.jpg 720w, https:\/\/www.technikum-academy.cz\/wp-content\/uploads\/2017\/09\/obrazek-980x450.jpg 980w\" sizes=\"(max-width: 189px) 100vw, 189px\" \/><\/td>\n<\/tr>\n<tr>\n<td style=\"text-align: center;\">3D SYSTEMS &#8211; \u00a0SENSE<\/td>\n<td style=\"text-align: center;\">3D TOUCH<\/td>\n<td style=\"text-align: center;\">HP ProBook 470 G2<\/td>\n<\/tr>\n<tr>\n<td style=\"text-align: center;\"><a href=\"https:\/\/www.abc3d.cz\/eshop\/3d-tiskarny\/3d-tiskarna-bcn3d-sigma-detail\" target=\"_blank\" rel=\"noopener noreferrer\">-&gt;specifikace<\/a><\/td>\n<td style=\"text-align: center;\"><a href=\"https:\/\/www.abc3d.cz\/eshop\/3d-tiskarny\/3d-tiskarny-prislusenstvi-1\/cubeprotrio-detail?gclid=EAIaIQobChMI_ZSy2e_C1gIVl4eyCh1FSAqdEAQYASABEgJJm_D_BwE\" target=\"_blank\" rel=\"noopener noreferrer\">-&gt;specifikace<\/a><\/td>\n<td style=\"text-align: center;\"><\/td>\n<\/tr>\n<\/tbody>\n<\/table>\n<p>SOFTWAROV\u00c9 VYBAVEN\u00cd &#8211; Simplify3D, Cubify Invent, Cubify Design, Cubify Sculpt a dal\u0161\u00ed.<\/p>\n<div style=\"width: 100%; background-color: grey; height: 5px;\"><\/div>\n<p>&nbsp;<\/p>\n<h4>D\u00cdLNY<\/h4>\n<table>\n<tbody>\n<tr>\n<td><img loading=\"lazy\" decoding=\"async\" class=\"alignnone wp-image-463\" src=\"http:\/\/www.technikum-academy.cz\/wp-content\/uploads\/2017\/09\/Aku-kombinovan\u00e9-n\u00e1\u0159ad\u00ed-.jpg\" alt=\"\" width=\"174\" height=\"126\" \/><\/td>\n<td>\u00a0<img loading=\"lazy\" decoding=\"async\" class=\"alignnone wp-image-457\" src=\"http:\/\/www.technikum-academy.cz\/wp-content\/uploads\/2017\/09\/Stoln\u00ed-kotou\u010dov\u00e1-pila-PTK-2000-C3-300x225.jpg\" alt=\"\" width=\"162\" height=\"121\" srcset=\"https:\/\/www.technikum-academy.cz\/wp-content\/uploads\/2017\/09\/Stoln\u00ed-kotou\u010dov\u00e1-pila-PTK-2000-C3-300x225.jpg 300w, https:\/\/www.technikum-academy.cz\/wp-content\/uploads\/2017\/09\/Stoln\u00ed-kotou\u010dov\u00e1-pila-PTK-2000-C3.jpg 380w\" sizes=\"(max-width: 162px) 100vw, 162px\" \/><\/td>\n<td><img loading=\"lazy\" decoding=\"async\" class=\"alignnone wp-image-443\" src=\"http:\/\/www.technikum-academy.cz\/wp-content\/uploads\/2017\/09\/Multifunk\u010dn\u00ed-n\u00e1stroj-PMFW-310-C2-300x225.jpg\" alt=\"\" width=\"169\" height=\"127\" srcset=\"https:\/\/www.technikum-academy.cz\/wp-content\/uploads\/2017\/09\/Multifunk\u010dn\u00ed-n\u00e1stroj-PMFW-310-C2-300x225.jpg 300w, https:\/\/www.technikum-academy.cz\/wp-content\/uploads\/2017\/09\/Multifunk\u010dn\u00ed-n\u00e1stroj-PMFW-310-C2.jpg 380w\" sizes=\"(max-width: 169px) 100vw, 169px\" \/><\/td>\n<td><img loading=\"lazy\" decoding=\"async\" class=\"alignnone wp-image-445\" src=\"http:\/\/www.technikum-academy.cz\/wp-content\/uploads\/2017\/09\/P\u00e1sov\u00e1-bruska-PBSD-600-A1-300x225.jpg\" alt=\"\" width=\"160\" height=\"121\" srcset=\"https:\/\/www.technikum-academy.cz\/wp-content\/uploads\/2017\/09\/P\u00e1sov\u00e1-bruska-PBSD-600-A1-300x225.jpg 300w, https:\/\/www.technikum-academy.cz\/wp-content\/uploads\/2017\/09\/P\u00e1sov\u00e1-bruska-PBSD-600-A1.jpg 380w\" sizes=\"(max-width: 160px) 100vw, 160px\" \/><\/td>\n<td><img loading=\"lazy\" decoding=\"async\" class=\"alignnone wp-image-465\" src=\"http:\/\/www.technikum-academy.cz\/wp-content\/uploads\/2017\/09\/Aku-ru\u010dn\u00ed-okru\u017en\u00ed-pila-PHKSA-20-Li-A1--300x225.jpg\" alt=\"\" width=\"163\" height=\"123\" srcset=\"https:\/\/www.technikum-academy.cz\/wp-content\/uploads\/2017\/09\/Aku-ru\u010dn\u00ed-okru\u017en\u00ed-pila-PHKSA-20-Li-A1--300x225.jpg 300w, https:\/\/www.technikum-academy.cz\/wp-content\/uploads\/2017\/09\/Aku-ru\u010dn\u00ed-okru\u017en\u00ed-pila-PHKSA-20-Li-A1-.jpg 380w\" sizes=\"(max-width: 163px) 100vw, 163px\" \/><\/td>\n<\/tr>\n<tr>\n<td>\u00a0Aku kombinovan\u00e9 n\u00e1\u0159ad\u00ed<\/td>\n<td>\u00a0Stoln\u00ed kotou\u010dov\u00e1 pila<\/td>\n<td>\u00a0Multifunk\u010dn\u00ed n\u00e1stroj<\/td>\n<td>P\u00e1sov\u00e1 bruska<\/td>\n<td>\u00a0Ru\u010dn\u00ed okru\u017en\u00ed pila<\/td>\n<\/tr>\n<tr>\n<td><img loading=\"lazy\" decoding=\"async\" class=\"alignnone wp-image-468\" src=\"http:\/\/www.technikum-academy.cz\/wp-content\/uploads\/2017\/09\/Digit\u00e1ln\u00ed-posuvn\u00e9-m\u011b\u0159\u00edtko-digit\u00e1ln\u00ed-\u00fahlom\u011br-300x225.jpg\" alt=\"\" width=\"175\" height=\"132\" srcset=\"https:\/\/www.technikum-academy.cz\/wp-content\/uploads\/2017\/09\/Digit\u00e1ln\u00ed-posuvn\u00e9-m\u011b\u0159\u00edtko-digit\u00e1ln\u00ed-\u00fahlom\u011br-300x225.jpg 300w, https:\/\/www.technikum-academy.cz\/wp-content\/uploads\/2017\/09\/Digit\u00e1ln\u00ed-posuvn\u00e9-m\u011b\u0159\u00edtko-digit\u00e1ln\u00ed-\u00fahlom\u011br.jpg 380w\" sizes=\"(max-width: 175px) 100vw, 175px\" \/><\/td>\n<td>\u00a0<img loading=\"lazy\" decoding=\"async\" class=\"alignnone wp-image-454\" src=\"http:\/\/www.technikum-academy.cz\/wp-content\/uploads\/2017\/09\/sada-pilek-3-d\u00edln\u00e1-300x225.jpg\" alt=\"\" width=\"178\" height=\"135\" srcset=\"https:\/\/www.technikum-academy.cz\/wp-content\/uploads\/2017\/09\/sada-pilek-3-d\u00edln\u00e1-300x225.jpg 300w, https:\/\/www.technikum-academy.cz\/wp-content\/uploads\/2017\/09\/sada-pilek-3-d\u00edln\u00e1.jpg 380w\" sizes=\"(max-width: 178px) 100vw, 178px\" \/><\/td>\n<td>\u00a0<img loading=\"lazy\" decoding=\"async\" class=\"alignnone wp-image-446\" src=\"http:\/\/www.technikum-academy.cz\/wp-content\/uploads\/2017\/09\/proteco-dlata-sada-5-ks-v-kufru.jpg\" alt=\"\" width=\"176\" height=\"124\" \/><\/td>\n<td>\u00a0<img loading=\"lazy\" decoding=\"async\" class=\"alignnone size-full wp-image-449\" src=\"http:\/\/www.technikum-academy.cz\/wp-content\/uploads\/2017\/09\/proteco-sada-naradi-245-dilu.jpg\" alt=\"\" width=\"200\" height=\"150\" \/><\/td>\n<td>\u00a0<img loading=\"lazy\" decoding=\"async\" class=\"alignnone wp-image-447\" src=\"http:\/\/www.technikum-academy.cz\/wp-content\/uploads\/2017\/09\/proteco-pilniky-sada-6ks-v-kufru.jpg\" alt=\"\" width=\"182\" height=\"119\" \/><\/td>\n<\/tr>\n<tr>\n<td>\u00a0Digit\u00e1ln\u00ed p\u0159esn\u00e1 m\u011b\u0159\u00edtka<\/td>\n<td>Pily na d\u0159evo<\/td>\n<td>\u00a0Sada dl\u00e1t<\/td>\n<td>\u00a0Kufr s n\u00e1\u0159ad\u00edm -245pcs<\/td>\n<td>Sada piln\u00edk\u016f<\/td>\n<\/tr>\n<\/tbody>\n<\/table>\n<p><a href=\"http:\/\/www.technikum-academy.cz\/index.php\/vybaveni-dilen\/\">-&gt;Ve\u0161ker\u00e9 vybaven\u00ed<\/a><\/p>\n<div style=\"width: 100%; background-color: grey; height: 5px;\"><\/div>\n<p>&nbsp;<\/p>\n<h4>ROBOTIKA<\/h4>\n<table>\n<tbody>\n<tr>\n<td><img loading=\"lazy\" decoding=\"async\" class=\"alignnone wp-image-473\" src=\"http:\/\/www.technikum-academy.cz\/wp-content\/uploads\/2017\/09\/31313-300x225.jpg\" alt=\"\" width=\"227\" height=\"170\" srcset=\"https:\/\/www.technikum-academy.cz\/wp-content\/uploads\/2017\/09\/31313-300x225.jpg 300w, https:\/\/www.technikum-academy.cz\/wp-content\/uploads\/2017\/09\/31313.jpg 495w\" sizes=\"(max-width: 227px) 100vw, 227px\" \/><\/td>\n<td><img loading=\"lazy\" decoding=\"async\" class=\"alignnone wp-image-474\" src=\"http:\/\/www.technikum-academy.cz\/wp-content\/uploads\/2017\/09\/3ed8d51cd6f4b9dd4e7e3726ac0d3a65_preview_featured-300x225.jpg\" alt=\"\" width=\"209\" height=\"157\" srcset=\"https:\/\/www.technikum-academy.cz\/wp-content\/uploads\/2017\/09\/3ed8d51cd6f4b9dd4e7e3726ac0d3a65_preview_featured-300x225.jpg 300w, https:\/\/www.technikum-academy.cz\/wp-content\/uploads\/2017\/09\/3ed8d51cd6f4b9dd4e7e3726ac0d3a65_preview_featured.jpg 628w\" sizes=\"(max-width: 209px) 100vw, 209px\" \/><\/td>\n<td><img loading=\"lazy\" decoding=\"async\" class=\"alignnone wp-image-476\" src=\"http:\/\/www.technikum-academy.cz\/wp-content\/uploads\/2017\/09\/b0e34ac0519d82c026a7813ec72f9b76-mmf250x250.jpg\" alt=\"\" width=\"169\" height=\"169\" srcset=\"https:\/\/www.technikum-academy.cz\/wp-content\/uploads\/2017\/09\/b0e34ac0519d82c026a7813ec72f9b76-mmf250x250.jpg 250w, https:\/\/www.technikum-academy.cz\/wp-content\/uploads\/2017\/09\/b0e34ac0519d82c026a7813ec72f9b76-mmf250x250-150x150.jpg 150w, https:\/\/www.technikum-academy.cz\/wp-content\/uploads\/2017\/09\/b0e34ac0519d82c026a7813ec72f9b76-mmf250x250-160x160.jpg 160w, https:\/\/www.technikum-academy.cz\/wp-content\/uploads\/2017\/09\/b0e34ac0519d82c026a7813ec72f9b76-mmf250x250-320x320.jpg 320w\" sizes=\"(max-width: 169px) 100vw, 169px\" \/><\/td>\n<\/tr>\n<tr>\n<td style=\"text-align: center;\">LEGO MINDSTORM EV3<\/td>\n<td style=\"text-align: center;\">EEZYBOTARM MK2<\/td>\n<td style=\"text-align: center;\">MERKUR ROBOANT<\/td>\n<\/tr>\n<tr>\n<td style=\"text-align: center;\"><a href=\"https:\/\/www.lego.com\/cs-cz\/mindstorms\" target=\"_blank\" rel=\"noopener noreferrer\">-&gt;specifikace<\/a><\/td>\n<td style=\"text-align: center;\"><a href=\"http:\/\/www.eezyrobots.it\/eba_mk2.html\" target=\"_blank\" rel=\"noopener noreferrer\">-&gt;specifikace<\/a><\/td>\n<td style=\"text-align: center;\"><a href=\"http:\/\/www.rajhracky.cz\/merkur-roboticky-mravenec-roboant-rc-p99367\" target=\"_blank\" rel=\"noopener noreferrer\">-&gt;specifikace<\/a><\/td>\n<\/tr>\n<\/tbody>\n<\/table>\n<table>\n<tbody>\n<tr>\n<td><img loading=\"lazy\" decoding=\"async\" class=\"alignnone wp-image-475\" src=\"http:\/\/www.technikum-academy.cz\/wp-content\/uploads\/2017\/09\/maxresdefault-e1506433449114-300x265.jpg\" alt=\"\" width=\"227\" height=\"201\" srcset=\"https:\/\/www.technikum-academy.cz\/wp-content\/uploads\/2017\/09\/maxresdefault-e1506433449114-300x265.jpg 300w, https:\/\/www.technikum-academy.cz\/wp-content\/uploads\/2017\/09\/maxresdefault-e1506433449114-768x678.jpg 768w, https:\/\/www.technikum-academy.cz\/wp-content\/uploads\/2017\/09\/maxresdefault-e1506433449114.jpg 790w\" sizes=\"(max-width: 227px) 100vw, 227px\" \/><\/td>\n<td><img loading=\"lazy\" decoding=\"async\" class=\"alignnone wp-image-479\" src=\"http:\/\/www.technikum-academy.cz\/wp-content\/uploads\/2017\/09\/Z_AP10-PRO-300x300.jpg\" alt=\"\" width=\"209\" height=\"209\" srcset=\"https:\/\/www.technikum-academy.cz\/wp-content\/uploads\/2017\/09\/Z_AP10-PRO-300x300.jpg 300w, https:\/\/www.technikum-academy.cz\/wp-content\/uploads\/2017\/09\/Z_AP10-PRO-150x150.jpg 150w, https:\/\/www.technikum-academy.cz\/wp-content\/uploads\/2017\/09\/Z_AP10-PRO-768x768.jpg 768w, https:\/\/www.technikum-academy.cz\/wp-content\/uploads\/2017\/09\/Z_AP10-PRO-160x160.jpg 160w, https:\/\/www.technikum-academy.cz\/wp-content\/uploads\/2017\/09\/Z_AP10-PRO-320x320.jpg 320w, https:\/\/www.technikum-academy.cz\/wp-content\/uploads\/2017\/09\/Z_AP10-PRO.jpg 800w\" sizes=\"(max-width: 209px) 100vw, 209px\" \/><\/td>\n<td><img loading=\"lazy\" decoding=\"async\" class=\"alignnone wp-image-379\" src=\"http:\/\/www.technikum-academy.cz\/wp-content\/uploads\/2017\/09\/WP_20170922_14_34_49_Pro_LI-300x169.jpg\" alt=\"\" width=\"173\" height=\"98\" srcset=\"https:\/\/www.technikum-academy.cz\/wp-content\/uploads\/2017\/09\/WP_20170922_14_34_49_Pro_LI-300x169.jpg 300w, https:\/\/www.technikum-academy.cz\/wp-content\/uploads\/2017\/09\/WP_20170922_14_34_49_Pro_LI-768x433.jpg 768w, https:\/\/www.technikum-academy.cz\/wp-content\/uploads\/2017\/09\/WP_20170922_14_34_49_Pro_LI-1024x577.jpg 1024w\" sizes=\"(max-width: 173px) 100vw, 173px\" \/><\/td>\n<\/tr>\n<tr>\n<td style=\"text-align: center;\">RC TANK<\/td>\n<td style=\"text-align: center;\">AEE TORUK AP10<\/td>\n<td style=\"text-align: center;\">R\u016eZN\u00c9 ROBOTICK\u00c9<\/p>\n<p>STAVEBNICE<\/td>\n<\/tr>\n<tr>\n<td style=\"text-align: center;\"><\/td>\n<td style=\"text-align: center;\"><a href=\"https:\/\/www.abc3d.cz\/eshop\/3d-tiskarny\/3d-tiskarny-prislusenstvi-1\/cubeprotrio-detail?gclid=EAIaIQobChMI_ZSy2e_C1gIVl4eyCh1FSAqdEAQYASABEgJJm_D_BwE\" target=\"_blank\" rel=\"noopener noreferrer\">-&gt;specifikace<\/a><\/td>\n<td style=\"text-align: center;\"><\/td>\n<\/tr>\n<\/tbody>\n<\/table>\n<div style=\"width: 100%; background-color: grey; height: 5px;\"><\/div>\n<p>&nbsp;<\/p>\n<h4>KREATIVITA<\/h4>\n<table>\n<tbody>\n<tr>\n<td><img loading=\"lazy\" decoding=\"async\" class=\"alignnone wp-image-377\" src=\"http:\/\/www.technikum-academy.cz\/wp-content\/uploads\/2017\/09\/WP_20170922_14_29_39_Pro-300x169.jpg\" alt=\"\" width=\"175\" height=\"99\" srcset=\"https:\/\/www.technikum-academy.cz\/wp-content\/uploads\/2017\/09\/WP_20170922_14_29_39_Pro-300x169.jpg 300w, https:\/\/www.technikum-academy.cz\/wp-content\/uploads\/2017\/09\/WP_20170922_14_29_39_Pro-768x433.jpg 768w, https:\/\/www.technikum-academy.cz\/wp-content\/uploads\/2017\/09\/WP_20170922_14_29_39_Pro-1024x577.jpg 1024w\" sizes=\"(max-width: 175px) 100vw, 175px\" \/><\/td>\n<td>\u00a0<img loading=\"lazy\" decoding=\"async\" class=\"alignnone wp-image-379\" src=\"http:\/\/www.technikum-academy.cz\/wp-content\/uploads\/2017\/09\/WP_20170922_14_34_49_Pro_LI-300x169.jpg\" alt=\"\" width=\"173\" height=\"98\" srcset=\"https:\/\/www.technikum-academy.cz\/wp-content\/uploads\/2017\/09\/WP_20170922_14_34_49_Pro_LI-300x169.jpg 300w, https:\/\/www.technikum-academy.cz\/wp-content\/uploads\/2017\/09\/WP_20170922_14_34_49_Pro_LI-768x433.jpg 768w, https:\/\/www.technikum-academy.cz\/wp-content\/uploads\/2017\/09\/WP_20170922_14_34_49_Pro_LI-1024x577.jpg 1024w\" sizes=\"(max-width: 173px) 100vw, 173px\" \/><\/td>\n<td>\u00a0<img loading=\"lazy\" decoding=\"async\" class=\"alignnone wp-image-375\" src=\"http:\/\/www.technikum-academy.cz\/wp-content\/uploads\/2017\/09\/WP_20170922_14_12_39_Pro_LI-300x169.jpg\" alt=\"\" width=\"171\" height=\"97\" srcset=\"https:\/\/www.technikum-academy.cz\/wp-content\/uploads\/2017\/09\/WP_20170922_14_12_39_Pro_LI-300x169.jpg 300w, https:\/\/www.technikum-academy.cz\/wp-content\/uploads\/2017\/09\/WP_20170922_14_12_39_Pro_LI-768x433.jpg 768w, https:\/\/www.technikum-academy.cz\/wp-content\/uploads\/2017\/09\/WP_20170922_14_12_39_Pro_LI-1024x577.jpg 1024w\" sizes=\"(max-width: 171px) 100vw, 171px\" \/><\/td>\n<td>\u00a0<img loading=\"lazy\" decoding=\"async\" class=\"alignnone wp-image-378\" src=\"http:\/\/www.technikum-academy.cz\/wp-content\/uploads\/2017\/09\/WP_20170922_14_32_22_Pro_LI-300x169.jpg\" alt=\"\" width=\"167\" height=\"94\" srcset=\"https:\/\/www.technikum-academy.cz\/wp-content\/uploads\/2017\/09\/WP_20170922_14_32_22_Pro_LI-300x169.jpg 300w, https:\/\/www.technikum-academy.cz\/wp-content\/uploads\/2017\/09\/WP_20170922_14_32_22_Pro_LI-768x433.jpg 768w, https:\/\/www.technikum-academy.cz\/wp-content\/uploads\/2017\/09\/WP_20170922_14_32_22_Pro_LI-1024x577.jpg 1024w\" sizes=\"(max-width: 167px) 100vw, 167px\" \/><\/td>\n<\/tr>\n<tr>\n<td>\u00a0Sady domina<\/td>\n<td>Robotick\u00e9 stavebnice<\/td>\n<td>\u00a0Za\u017eehlovac\u00ed mozaika<\/td>\n<td>Stavebnice Teifoc<\/td>\n<\/tr>\n<\/tbody>\n<\/table>","protected":false},"excerpt":{"rendered":"<p>Centrum Akademie techniky 4.0 a s\u00ed\u0165 na\u0161ich Akademi\u00ed pom\u00e1h\u00e1 d\u011btem a \u017e\u00e1k\u016fm objevovat sv\u011bt techniky, \u0159emesel a technologi\u00ed 4.0 hravou, z\u00e1\u017eitkovou formou. Propojujeme \u0159emeslo, digit\u00e1ln\u00ed technologie, robotiku a 3D tisk tak, aby si d\u011bti s\u00e1hly na skute\u010dn\u00e9 v\u011bci, n\u011bco postavily, naprogramovaly \u2013 a za\u017eily \u00fasp\u011bch. Spolupracujeme se \u0161kolami, DDM a partnery v regionech ORP Rakovn\u00edk &hellip; <\/p>\n<p class=\"link-more\"><a href=\"https:\/\/www.technikum-academy.cz\/index.php\/vybaveni\/\" class=\"more-link\">Pokra\u010dovat ve \u010dten\u00ed<span class=\"screen-reader-text\"> &#8222;O n\u00e1s \u2013 Centrum Akademie techniky 4.0&#8220;<\/span><\/a><\/p>\n","protected":false},"author":1,"featured_media":0,"parent":0,"menu_order":0,"comment_status":"closed","ping_status":"closed","template":"","meta":{"footnotes":""},"_links":{"self":[{"href":"https:\/\/www.technikum-academy.cz\/index.php\/wp-json\/wp\/v2\/pages\/414"}],"collection":[{"href":"https:\/\/www.technikum-academy.cz\/index.php\/wp-json\/wp\/v2\/pages"}],"about":[{"href":"https:\/\/www.technikum-academy.cz\/index.php\/wp-json\/wp\/v2\/types\/page"}],"author":[{"embeddable":true,"href":"https:\/\/www.technikum-academy.cz\/index.php\/wp-json\/wp\/v2\/users\/1"}],"replies":[{"embeddable":true,"href":"https:\/\/www.technikum-academy.cz\/index.php\/wp-json\/wp\/v2\/comments?post=414"}],"version-history":[{"count":34,"href":"https:\/\/www.technikum-academy.cz\/index.php\/wp-json\/wp\/v2\/pages\/414\/revisions"}],"predecessor-version":[{"id":3128,"href":"https:\/\/www.technikum-academy.cz\/index.php\/wp-json\/wp\/v2\/pages\/414\/revisions\/3128"}],"wp:attachment":[{"href":"https:\/\/www.technikum-academy.cz\/index.php\/wp-json\/wp\/v2\/media?parent=414"}],"curies":[{"name":"wp","href":"https:\/\/api.w.org\/{rel}","templated":true}]}}